{"id":2,"date":"2023-08-11T17:25:11","date_gmt":"2023-08-11T15:25:11","guid":{"rendered":"http:\/\/meilleur-parrainage.fr\/?page_id=2"},"modified":"2025-03-20T08:50:02","modified_gmt":"2025-03-20T07:50:02","slug":"trade-republic","status":"publish","type":"page","link":"https:\/\/meilleur-parrainage.fr\/","title":{"rendered":"Gagnez 1 action gratuite jusqu&rsquo;\u00e0 200\u20ac sur Trade Republic"},"content":{"rendered":"\n<p><a href=\"https:\/\/refnocode.trade.re\/rd6pnzc2\">Ouvrez votre compte<\/a>\u00a0Trade Republic,\u00a0<strong>finalisez l&rsquo;inscription<\/strong>\u00a0et profitez de\u00a0<strong>200\u20ac d&rsquo;action Offerte<\/strong>\u00a0en cliquant sur le bouton ci-dessous.<\/p>\n\n\n\n<p>Si on vous demande un code de parrainage, il suffit de rentrer : <strong>rd6pnzc2<\/strong><\/p>\n\n\n\n<p><a href=\"https:\/\/refnocode.trade.re\/rd6pnzc2\">\ud83d\ude80 Je PROFITE des 200\u20ac OFFERTS \u279c<\/a><\/p>\n\n\n\n<figure class=\"wp-block-image size-full is-resized\"><a href=\"https:\/\/refnocode.trade.re\/rd6pnzc2\"><img loading=\"lazy\" decoding=\"async\" width=\"739\" height=\"702\" src=\"https:\/\/meilleur-parrainage.fr\/wp-content\/uploads\/2023\/09\/image.png\" alt=\"\" class=\"wp-image-93\" style=\"width:493px;height:468px\" srcset=\"https:\/\/meilleur-parrainage.fr\/wp-content\/uploads\/2023\/09\/image.png 739w, https:\/\/meilleur-parrainage.fr\/wp-content\/uploads\/2023\/09\/image-300x285.png 300w\" sizes=\"auto, (max-width: 739px) 100vw, 739px\" \/><\/a><\/figure>\n\n\n\n<h2 class=\"wp-block-heading\"><strong>Les 4 \u00e9tapes pour recevoir votre action Bonus<\/strong><\/h2>\n\n\n\n<p><\/p>\n\n\n\n<h3 class=\"wp-block-heading\">1. Inscrivez-vous sur Trade Republic en cliquant\u00a0<strong><a href=\"https:\/\/refnocode.trade.re\/rd6pnzc2\">ici<\/a><\/strong>.<\/h3>\n\n\n\n<h3 class=\"wp-block-heading\">2. Validez votre num\u00e9ro de t\u00e9l\u00e9phone<\/h3>\n\n\n\n<h3 class=\"wp-block-heading\">3. V\u00e9rifiez votre identit\u00e9<\/h3>\n\n\n\n<h3 class=\"wp-block-heading\">4. Recevez votre action gratuite !<\/h3>\n\n\n\n<figure class=\"wp-block-image size-full is-resized\"><a href=\"https:\/\/ref.trade.re\/vh2jz3nq\"><img loading=\"lazy\" decoding=\"async\" width=\"646\" height=\"219\" src=\"https:\/\/meilleur-parrainage.fr\/wp-content\/uploads\/2023\/09\/image-1.png\" alt=\"\" class=\"wp-image-95\" style=\"width:537px;height:182px\" srcset=\"https:\/\/meilleur-parrainage.fr\/wp-content\/uploads\/2023\/09\/image-1.png 646w, https:\/\/meilleur-parrainage.fr\/wp-content\/uploads\/2023\/09\/image-1-300x102.png 300w\" sizes=\"auto, (max-width: 646px) 100vw, 646px\" \/><\/a><\/figure>\n\n\n\n<h2 class=\"wp-block-heading\"><strong>Les avantages de Trade Republic<\/strong> !<\/h2>\n\n\n\n<p><\/p>\n\n\n\n<ol class=\"wp-block-list\">\n<li><strong>Frais r\u00e9duits 1\u20ac par transaction !<\/strong> Trade Republic est connu pour ses frais de courtage relativement bas par rapport \u00e0 d&rsquo;autres plateformes traditionnelles. Cette structure de frais comp\u00e9titive peut rendre l&rsquo;investissement plus abordable, en particulier pour les traders fr\u00e9quents ou les investisseurs \u00e0 petit budget.<\/li>\n\n\n\n<li><strong>Investissement programm\u00e9 sans frais : 0\u20ac :<\/strong> L&rsquo;investissement programm\u00e9, \u00e9galement appel\u00e9 \u00ab\u00a0investissement r\u00e9current\u00a0\u00bb ou \u00ab\u00a0investissement automatique\u00a0\u00bb, permet aux utilisateurs de mettre en place un plan d&rsquo;investissement r\u00e9gulier. L&rsquo;avantage ici est que Trade Republic propose cette fonctionnalit\u00e9 sans frais suppl\u00e9mentaires, ce qui peut \u00eatre attrayant pour les investisseurs cherchant \u00e0 investir progressivement sans payer de commissions \u00e0 chaque transaction.<\/li>\n\n\n\n<li><strong>Large choix d&rsquo;ETF :<\/strong> Trade Republic offre une vari\u00e9t\u00e9 d&rsquo;ETF couvrant diff\u00e9rentes cat\u00e9gories d&rsquo;actifs, y compris des obligations, des indices tels que le S&amp;P 500, et des ETF qui suivent les performances de march\u00e9s sp\u00e9cifiques comme le Japon. Cette diversit\u00e9 d&rsquo;ETF permet aux investisseurs de choisir des produits qui correspondent \u00e0 leurs strat\u00e9gies d&rsquo;investissement et \u00e0 leur exposition pr\u00e9f\u00e9r\u00e9e.<\/li>\n\n\n\n<li><strong>Accessibilit\u00e9 :<\/strong> En proposant une plateforme de trading en ligne, Trade Republic permet aux investisseurs d&rsquo;acc\u00e9der facilement aux march\u00e9s financiers depuis leur appareil mobile ou leur ordinateur, sans avoir \u00e0 passer par des interm\u00e9diaires traditionnels.<\/li>\n<\/ol>\n","protected":false},"excerpt":{"rendered":"<p>Ouvrez votre compte\u00a0Trade Republic,\u00a0finalisez l&rsquo;inscription\u00a0et profitez de\u00a0200\u20ac d&rsquo;action Offerte\u00a0en cliquant sur le bouton ci-dessous. Si on vous demande un code de parrainage, il suffit de rentrer : rd6pnzc2 \ud83d\ude80 Je PROFITE des 200\u20ac OFFERTS \u279c Les 4 \u00e9tapes pour recevoir votre action Bonus 1. Inscrivez-vous sur Trade Republic en cliquant\u00a0ici. 2. Validez votre num\u00e9ro de [&hellip;]<\/p>\n","protected":false},"author":1,"featured_media":0,"parent":0,"menu_order":0,"comment_status":"closed","ping_status":"open","template":"","meta":{"footnotes":""},"class_list":["post-2","page","type-page","status-publish","hentry"],"yoast_head":"<!-- This site is optimized with the Yoast SEO plugin v20.13 - https:\/\/yoast.com\/wordpress\/plugins\/seo\/ -->\n<title>Gagnez 1 action gratuite jusqu&#039;\u00e0 200\u20ac sur Trade Republic - MEILLEUR-PARRAINAGE.FR<\/title>\n<meta name=\"description\" content=\"Gagnez jusqu&#039;\u00e0 200\u20ac d&#039;action gratuite en vous inscrivant sur Trade Republic avec mon parrainage\" \/>\n<meta name=\"robots\" content=\"index, follow, max-snippet:-1, max-image-preview:large, max-video-preview:-1\" \/>\n<link rel=\"canonical\" href=\"https:\/\/meilleur-parrainage.fr\/\" \/>\n<meta property=\"og:locale\" content=\"fr_FR\" \/>\n<meta property=\"og:type\" content=\"article\" \/>\n<meta property=\"og:title\" content=\"Gagnez 1 action gratuite jusqu&#039;\u00e0 200\u20ac sur Trade Republic - MEILLEUR-PARRAINAGE.FR\" \/>\n<meta property=\"og:description\" content=\"Gagnez jusqu&#039;\u00e0 200\u20ac d&#039;action gratuite en vous inscrivant sur Trade Republic avec mon parrainage\" \/>\n<meta property=\"og:url\" content=\"https:\/\/meilleur-parrainage.fr\/\" \/>\n<meta property=\"og:site_name\" content=\"MEILLEUR-PARRAINAGE.FR\" \/>\n<meta property=\"article:modified_time\" content=\"2025-03-20T07:50:02+00:00\" \/>\n<meta property=\"og:image\" content=\"https:\/\/meilleur-parrainage.fr\/wp-content\/uploads\/2023\/09\/image.png\" \/>\n<meta name=\"twitter:card\" content=\"summary_large_image\" \/>\n<meta name=\"twitter:label1\" content=\"Dur\u00e9e de lecture estim\u00e9e\" \/>\n\t<meta name=\"twitter:data1\" content=\"2 minutes\" \/>\n<script type=\"application\/ld+json\" class=\"yoast-schema-graph\">{\"@context\":\"https:\/\/schema.org\",\"@graph\":[{\"@type\":\"WebPage\",\"@id\":\"https:\/\/meilleur-parrainage.fr\/\",\"url\":\"https:\/\/meilleur-parrainage.fr\/\",\"name\":\"Gagnez 1 action gratuite jusqu'\u00e0 200\u20ac sur Trade Republic - MEILLEUR-PARRAINAGE.FR\",\"isPartOf\":{\"@id\":\"https:\/\/meilleur-parrainage.fr\/#website\"},\"datePublished\":\"2023-08-11T15:25:11+00:00\",\"dateModified\":\"2025-03-20T07:50:02+00:00\",\"description\":\"Gagnez jusqu'\u00e0 200\u20ac d'action gratuite en vous inscrivant sur Trade Republic avec mon parrainage\",\"breadcrumb\":{\"@id\":\"https:\/\/meilleur-parrainage.fr\/#breadcrumb\"},\"inLanguage\":\"fr-FR\",\"potentialAction\":[{\"@type\":\"ReadAction\",\"target\":[\"https:\/\/meilleur-parrainage.fr\/\"]}]},{\"@type\":\"BreadcrumbList\",\"@id\":\"https:\/\/meilleur-parrainage.fr\/#breadcrumb\",\"itemListElement\":[{\"@type\":\"ListItem\",\"position\":1,\"name\":\"Accueil\",\"item\":\"https:\/\/meilleur-parrainage.fr\/\"},{\"@type\":\"ListItem\",\"position\":2,\"name\":\"Gagnez 1 action gratuite jusqu&rsquo;\u00e0 200\u20ac sur Trade Republic\"}]},{\"@type\":\"WebSite\",\"@id\":\"https:\/\/meilleur-parrainage.fr\/#website\",\"url\":\"https:\/\/meilleur-parrainage.fr\/\",\"name\":\"Meilleur Parrainage\",\"description\":\"Trouve le meilleur parrainage en 2 clics\",\"potentialAction\":[{\"@type\":\"SearchAction\",\"target\":{\"@type\":\"EntryPoint\",\"urlTemplate\":\"https:\/\/meilleur-parrainage.fr\/?s={search_term_string}\"},\"query-input\":\"required name=search_term_string\"}],\"inLanguage\":\"fr-FR\"}]}<\/script>\n<!-- \/ Yoast SEO plugin. -->","yoast_head_json":{"title":"Gagnez 1 action gratuite jusqu'\u00e0 200\u20ac sur Trade Republic - MEILLEUR-PARRAINAGE.FR","description":"Gagnez jusqu'\u00e0 200\u20ac d'action gratuite en vous inscrivant sur Trade Republic avec mon parrainage","robots":{"index":"index","follow":"follow","max-snippet":"max-snippet:-1","max-image-preview":"max-image-preview:large","max-video-preview":"max-video-preview:-1"},"canonical":"https:\/\/meilleur-parrainage.fr\/","og_locale":"fr_FR","og_type":"article","og_title":"Gagnez 1 action gratuite jusqu'\u00e0 200\u20ac sur Trade Republic - MEILLEUR-PARRAINAGE.FR","og_description":"Gagnez jusqu'\u00e0 200\u20ac d'action gratuite en vous inscrivant sur Trade Republic avec mon parrainage","og_url":"https:\/\/meilleur-parrainage.fr\/","og_site_name":"MEILLEUR-PARRAINAGE.FR","article_modified_time":"2025-03-20T07:50:02+00:00","og_image":[{"url":"https:\/\/meilleur-parrainage.fr\/wp-content\/uploads\/2023\/09\/image.png"}],"twitter_card":"summary_large_image","twitter_misc":{"Dur\u00e9e de lecture estim\u00e9e":"2 minutes"},"schema":{"@context":"https:\/\/schema.org","@graph":[{"@type":"WebPage","@id":"https:\/\/meilleur-parrainage.fr\/","url":"https:\/\/meilleur-parrainage.fr\/","name":"Gagnez 1 action gratuite jusqu'\u00e0 200\u20ac sur Trade Republic - MEILLEUR-PARRAINAGE.FR","isPartOf":{"@id":"https:\/\/meilleur-parrainage.fr\/#website"},"datePublished":"2023-08-11T15:25:11+00:00","dateModified":"2025-03-20T07:50:02+00:00","description":"Gagnez jusqu'\u00e0 200\u20ac d'action gratuite en vous inscrivant sur Trade Republic avec mon parrainage","breadcrumb":{"@id":"https:\/\/meilleur-parrainage.fr\/#breadcrumb"},"inLanguage":"fr-FR","potentialAction":[{"@type":"ReadAction","target":["https:\/\/meilleur-parrainage.fr\/"]}]},{"@type":"BreadcrumbList","@id":"https:\/\/meilleur-parrainage.fr\/#breadcrumb","itemListElement":[{"@type":"ListItem","position":1,"name":"Accueil","item":"https:\/\/meilleur-parrainage.fr\/"},{"@type":"ListItem","position":2,"name":"Gagnez 1 action gratuite jusqu&rsquo;\u00e0 200\u20ac sur Trade Republic"}]},{"@type":"WebSite","@id":"https:\/\/meilleur-parrainage.fr\/#website","url":"https:\/\/meilleur-parrainage.fr\/","name":"Meilleur Parrainage","description":"Trouve le meilleur parrainage en 2 clics","potentialAction":[{"@type":"SearchAction","target":{"@type":"EntryPoint","urlTemplate":"https:\/\/meilleur-parrainage.fr\/?s={search_term_string}"},"query-input":"required name=search_term_string"}],"inLanguage":"fr-FR"}]}},"_links":{"self":[{"href":"https:\/\/meilleur-parrainage.fr\/index.php\/wp-json\/wp\/v2\/pages\/2","targetHints":{"allow":["GET"]}}],"collection":[{"href":"https:\/\/meilleur-parrainage.fr\/index.php\/wp-json\/wp\/v2\/pages"}],"about":[{"href":"https:\/\/meilleur-parrainage.fr\/index.php\/wp-json\/wp\/v2\/types\/page"}],"author":[{"embeddable":true,"href":"https:\/\/meilleur-parrainage.fr\/index.php\/wp-json\/wp\/v2\/users\/1"}],"replies":[{"embeddable":true,"href":"https:\/\/meilleur-parrainage.fr\/index.php\/wp-json\/wp\/v2\/comments?post=2"}],"version-history":[{"count":35,"href":"https:\/\/meilleur-parrainage.fr\/index.php\/wp-json\/wp\/v2\/pages\/2\/revisions"}],"predecessor-version":[{"id":298,"href":"https:\/\/meilleur-parrainage.fr\/index.php\/wp-json\/wp\/v2\/pages\/2\/revisions\/298"}],"wp:attachment":[{"href":"https:\/\/meilleur-parrainage.fr\/index.php\/wp-json\/wp\/v2\/media?parent=2"}],"curies":[{"name":"wp","href":"https:\/\/api.w.org\/{rel}","templated":true}]}}